{"id":2450,"date":"2021-03-26T17:47:22","date_gmt":"2021-03-26T16:47:22","guid":{"rendered":"https:\/\/sylviepotier.com\/?post_type=product&#038;p=2450"},"modified":"2021-05-03T17:48:09","modified_gmt":"2021-05-03T15:48:09","slug":"neith-mural","status":"publish","type":"product","link":"https:\/\/sylviepotier.com\/en\/product\/neith-mural\/","title":{"rendered":"Neith, mural"},"content":{"rendered":"<div data-elementor-type=\"product-post\" data-elementor-id=\"2450\" class=\"elementor elementor-2450\">\n\t\t\t\t\t\t<section class=\"elementor-section elementor-top-section elementor-element elementor-element-43963e1 elementor-section-boxed elementor-section-height-default elementor-section-height-default\" data-id=\"43963e1\" data-element_type=\"section\">\n\t\t\t\t\t\t<div class=\"elementor-container elementor-column-gap-no\">\n\t\t\t\t\t<div class=\"elementor-column elementor-col-100 elementor-top-column elementor-element elementor-element-143ed1b\" data-id=\"143ed1b\" data-element_type=\"column\">\n\t\t\t<div class=\"elementor-widget-wrap elementor-element-populated\">\n\t\t\t\t\t\t<div class=\"elementor-element elementor-element-ad29e4f elementor-widget elementor-widget-gallery\" data-id=\"ad29e4f\" data-element_type=\"widget\" data-settings=\"{&quot;columns&quot;:7,&quot;gap&quot;:{&quot;unit&quot;:&quot;px&quot;,&quot;size&quot;:20,&quot;sizes&quot;:[]},&quot;aspect_ratio&quot;:&quot;1:1&quot;,&quot;columns_tablet&quot;:7,&quot;columns_mobile&quot;:7,&quot;gallery_layout&quot;:&quot;grid&quot;,&quot;gap_tablet&quot;:{&quot;unit&quot;:&quot;px&quot;,&quot;size&quot;:10,&quot;sizes&quot;:[]},&quot;gap_mobile&quot;:{&quot;unit&quot;:&quot;px&quot;,&quot;size&quot;:10,&quot;sizes&quot;:[]},&quot;content_hover_animation&quot;:&quot;fade-in&quot;}\" data-widget_type=\"gallery.default\">\n\t\t\t\t<div class=\"elementor-widget-container\">\n\t\t\t\t\t\t\t<div class=\"elementor-gallery__container\">\n\t\t\t\t\t\t\t<div class=\"e-gallery-item elementor-gallery-item elementor-animated-content\">\n\t\t\t\t\t<div class=\"e-gallery-image elementor-gallery-item__image\" data-thumbnail=\"https:\/\/sylviepotier.com\/wp-content\/uploads\/2021\/04\/1-neith.jpg\" data-width=\"150\" data-height=\"150\" alt=\"\" ><\/div>\n\t\t\t\t\t\t\t\t\t\t\t\t\t\t<\/div>\n\t\t\t\t\t\t\t<div class=\"e-gallery-item elementor-gallery-item elementor-animated-content\">\n\t\t\t\t\t<div class=\"e-gallery-image elementor-gallery-item__image\" data-thumbnail=\"https:\/\/sylviepotier.com\/wp-content\/uploads\/2021\/04\/2-neith.jpg\" data-width=\"150\" data-height=\"150\" alt=\"\" ><\/div>\n\t\t\t\t\t\t\t\t\t\t\t\t\t\t<\/div>\n\t\t\t\t\t\t\t<div class=\"e-gallery-item elementor-gallery-item elementor-animated-content\">\n\t\t\t\t\t<div class=\"e-gallery-image elementor-gallery-item__image\" data-thumbnail=\"https:\/\/sylviepotier.com\/wp-content\/uploads\/2021\/04\/3-neith.jpg\" data-width=\"150\" data-height=\"150\" alt=\"\" ><\/div>\n\t\t\t\t\t\t\t\t\t\t\t\t\t\t<\/div>\n\t\t\t\t\t\t\t<div class=\"e-gallery-item elementor-gallery-item elementor-animated-content\">\n\t\t\t\t\t<div class=\"e-gallery-image elementor-gallery-item__image\" data-thumbnail=\"https:\/\/sylviepotier.com\/wp-content\/uploads\/2021\/04\/4-neith.jpg\" data-width=\"150\" data-height=\"150\" alt=\"\" ><\/div>\n\t\t\t\t\t\t\t\t\t\t\t\t\t\t<\/div>\n\t\t\t\t\t\t\t<div class=\"e-gallery-item elementor-gallery-item elementor-animated-content\">\n\t\t\t\t\t<div class=\"e-gallery-image elementor-gallery-item__image\" data-thumbnail=\"https:\/\/sylviepotier.com\/wp-content\/uploads\/2021\/04\/5-neith.jpg\" data-width=\"150\" data-height=\"150\" alt=\"\" ><\/div>\n\t\t\t\t\t\t\t\t\t\t\t\t\t\t<\/div>\n\t\t\t\t\t\t\t<div class=\"e-gallery-item elementor-gallery-item elementor-animated-content\">\n\t\t\t\t\t<div class=\"e-gallery-image elementor-gallery-item__image\" data-thumbnail=\"https:\/\/sylviepotier.com\/wp-content\/uploads\/2021\/04\/7-neith.jpg\" data-width=\"150\" data-height=\"150\" alt=\"\" ><\/div>\n\t\t\t\t\t\t\t\t\t\t\t\t\t\t<\/div>\n\t\t\t\t\t\t\t<div class=\"e-gallery-item elementor-gallery-item elementor-animated-content\">\n\t\t\t\t\t<div class=\"e-gallery-image elementor-gallery-item__image\" data-thumbnail=\"https:\/\/sylviepotier.com\/wp-content\/uploads\/2021\/04\/8-neith.jpg\" data-width=\"150\" data-height=\"150\" alt=\"\" ><\/div>\n\t\t\t\t\t\t\t\t\t\t\t\t\t\t<\/div>\n\t\t\t\t\t<\/div>\n\t\t\t\t\t<\/div>\n\t\t\t\t<\/div>\n\t\t\t\t<div class=\"elementor-element elementor-element-128b4c0 elementor-widget elementor-widget-gallery\" data-id=\"128b4c0\" data-element_type=\"widget\" data-settings=\"{&quot;gallery_layout&quot;:&quot;masonry&quot;,&quot;columns&quot;:3,&quot;gap&quot;:{&quot;unit&quot;:&quot;px&quot;,&quot;size&quot;:20,&quot;sizes&quot;:[]},&quot;columns_mobile&quot;:2,&quot;columns_tablet&quot;:2,&quot;gap_tablet&quot;:{&quot;unit&quot;:&quot;px&quot;,&quot;size&quot;:10,&quot;sizes&quot;:[]},&quot;gap_mobile&quot;:{&quot;unit&quot;:&quot;px&quot;,&quot;size&quot;:10,&quot;sizes&quot;:[]},&quot;content_hover_animation&quot;:&quot;fade-in&quot;}\" data-widget_type=\"gallery.default\">\n\t\t\t\t<div class=\"elementor-widget-container\">\n\t\t\t\t\t\t\t<div class=\"elementor-gallery__container\">\n\t\t\t\t\t\t\t<div class=\"e-gallery-item elementor-gallery-item elementor-animated-content\">\n\t\t\t\t\t<div class=\"e-gallery-image elementor-gallery-item__image\" data-thumbnail=\"https:\/\/sylviepotier.com\/wp-content\/uploads\/2021\/04\/fb-neith-sylvie-potier-mosaique-3.jpg\" data-width=\"480\" data-height=\"600\" alt=\"\" ><\/div>\n\t\t\t\t\t\t\t\t\t\t\t\t\t\t<\/div>\n\t\t\t\t\t\t\t<div class=\"e-gallery-item elementor-gallery-item elementor-animated-content\">\n\t\t\t\t\t<div class=\"e-gallery-image elementor-gallery-item__image\" data-thumbnail=\"https:\/\/sylviepotier.com\/wp-content\/uploads\/2021\/04\/fb-neith-sylvie-potier-mosaique-7.jpg\" data-width=\"600\" data-height=\"400\" alt=\"\" ><\/div>\n\t\t\t\t\t\t\t\t\t\t\t\t\t\t<\/div>\n\t\t\t\t\t\t\t<div class=\"e-gallery-item elementor-gallery-item elementor-animated-content\">\n\t\t\t\t\t<div class=\"e-gallery-image elementor-gallery-item__image\" data-thumbnail=\"https:\/\/sylviepotier.com\/wp-content\/uploads\/2021\/04\/fb-neith-sylvie-potier-mosaique-2.jpg\" data-width=\"450\" data-height=\"600\" alt=\"\" ><\/div>\n\t\t\t\t\t\t\t\t\t\t\t\t\t\t<\/div>\n\t\t\t\t\t\t\t<div class=\"e-gallery-item elementor-gallery-item elementor-animated-content\">\n\t\t\t\t\t<div class=\"e-gallery-image elementor-gallery-item__image\" data-thumbnail=\"https:\/\/sylviepotier.com\/wp-content\/uploads\/2021\/04\/fb-neith-sylvie-potier-mosaique-5.jpg\" data-width=\"397\" data-height=\"550\" alt=\"\" ><\/div>\n\t\t\t\t\t\t\t\t\t\t\t\t\t\t<\/div>\n\t\t\t\t\t\t\t<div class=\"e-gallery-item elementor-gallery-item elementor-animated-content\">\n\t\t\t\t\t<div class=\"e-gallery-image elementor-gallery-item__image\" data-thumbnail=\"https:\/\/sylviepotier.com\/wp-content\/uploads\/2021\/04\/fb-neith-sylvie-potier-mosaique-4.jpg\" data-width=\"600\" data-height=\"380\" alt=\"\" ><\/div>\n\t\t\t\t\t\t\t\t\t\t\t\t\t\t<\/div>\n\t\t\t\t\t\t\t<div class=\"e-gallery-item elementor-gallery-item elementor-animated-content\">\n\t\t\t\t\t<div class=\"e-gallery-image elementor-gallery-item__image\" data-thumbnail=\"https:\/\/sylviepotier.com\/wp-content\/uploads\/2021\/04\/fb-neith-sylvie-potier-mosaique-1.jpg\" data-width=\"400\" data-height=\"600\" alt=\"\" ><\/div>\n\t\t\t\t\t\t\t\t\t\t\t\t\t\t<\/div>\n\t\t\t\t\t\t\t<div class=\"e-gallery-item elementor-gallery-item elementor-animated-content\">\n\t\t\t\t\t<div class=\"e-gallery-image elementor-gallery-item__image\" data-thumbnail=\"https:\/\/sylviepotier.com\/wp-content\/uploads\/2021\/04\/fb-neith-sylvie-potier-mosaique-6.jpg\" data-width=\"550\" data-height=\"367\" alt=\"\" ><\/div>\n\t\t\t\t\t\t\t\t\t\t\t\t\t\t<\/div>\n\t\t\t\t\t<\/div>\n\t\t\t\t\t<\/div>\n\t\t\t\t<\/div>\n\t\t\t\t<div class=\"elementor-element elementor-element-ff2cf1c elementor-widget elementor-widget-text-editor\" data-id=\"ff2cf1c\" data-element_type=\"widget\" data-widget_type=\"text-editor.default\">\n\t\t\t\t<div class=\"elementor-widget-container\">\n\t\t\t\t\t\t\t\t\t<p>\u74a7 Ces ouvrages circulaires sont inspir\u00e9s de la chine ancienne appel\u00e9 Disque Bi, ou Pi. Ils symbolisent l\u2019univers c\u00e9leste et sa fabrication est li\u00e9e \u00e0 la culture Liangzhu. Les premiers Disques Bi sont dat\u00e9s de la Pr\u00e9histoire, il y a plus de 7000 ans. Ils n\u2019\u00e9taient pas d\u00e9cor\u00e9s et \u00e9taient utilis\u00e9s pour des c\u00e9r\u00e9monies ou des rituels. Le disque en pierre perc\u00e9 d\u2019un orifice circulaire repr\u00e9sente une ouverture vers la vie \u00e9ternelle. Cet objet a \u00e9t\u00e9 utilis\u00e9 durant plusieurs mill\u00e9naires jusqu\u2019\u00e0 la dynastie des Han, \u00e2ge d\u2019Or de l\u2019histoire de la Chine.<\/p>\t\t\t\t\t\t\t\t<\/div>\n\t\t\t\t<\/div>\n\t\t\t\t\t<\/div>\n\t\t<\/div>\n\t\t\t\t\t<\/div>\n\t\t<\/section>\n\t\t\t\t<\/div>","protected":false},"excerpt":{"rendered":"<p>Daughter of Noun, primordial Ocean god, Neith, Egyptian goddess, at the origine of the Universe, Erudit demiurge, she is worshiped for her creation fo the world with 7 words or arrows. Recognized as a creative force of enormous power, architect of the Universe, she is weaving the world like a web.<\/p>\n<p>Diameter of 0,71 m. Weight : 4 kg.<br \/>\nUnique piece of art delivered with a certificate of authenticity.<\/p>","protected":false},"featured_media":1455,"comment_status":"open","ping_status":"closed","template":"","meta":{"site-sidebar-layout":"default","site-content-layout":"default","ast-site-content-layout":"default","site-content-style":"default","site-sidebar-style":"default","ast-global-header-display":"","ast-banner-title-visibility":"","ast-main-header-display":"","ast-hfb-above-header-display":"","ast-hfb-below-header-display":"","ast-hfb-mobile-header-display":"","site-post-title":"","ast-breadcrumbs-content":"","ast-featured-img":"","footer-sml-layout":"","theme-transparent-header-meta":"default","adv-header-id-meta":"","stick-header-meta":"","header-above-stick-meta":"","header-main-stick-meta":"","header-below-stick-meta":"","astra-migrate-meta-layouts":"default","ast-page-background-enabled":"default","ast-page-background-meta":{"desktop":{"background-color":"","background-image":"","background-repeat":"repeat","background-position":"center center","background-size":"auto","background-attachment":"scroll","background-type":"","background-media":"","overlay-type":"","overlay-color":"","overlay-opacity":"","overlay-gradient":""},"tablet":{"background-color":"","background-image":"","background-repeat":"repeat","background-position":"center center","background-size":"auto","background-attachment":"scroll","background-type":"","background-media":"","overlay-type":"","overlay-color":"","overlay-opacity":"","overlay-gradient":""},"mobile":{"background-color":"","background-image":"","background-repeat":"repeat","background-position":"center center","background-size":"auto","background-attachment":"scroll","background-type":"","background-media":"","overlay-type":"","overlay-color":"","overlay-opacity":"","overlay-gradient":""}},"ast-content-background-meta":{"desktop":{"background-color":"var(--ast-global-color-5)","background-image":"","background-repeat":"repeat","background-position":"center center","background-size":"auto","background-attachment":"scroll","background-type":"","background-media":"","overlay-type":"","overlay-color":"","overlay-opacity":"","overlay-gradient":""},"tablet":{"background-color":"var(--ast-global-color-5)","background-image":"","background-repeat":"repeat","background-position":"center center","background-size":"auto","background-attachment":"scroll","background-type":"","background-media":"","overlay-type":"","overlay-color":"","overlay-opacity":"","overlay-gradient":""},"mobile":{"background-color":"var(--ast-global-color-5)","background-image":"","background-repeat":"repeat","background-position":"center center","background-size":"auto","background-attachment":"scroll","background-type":"","background-media":"","overlay-type":"","overlay-color":"","overlay-opacity":"","overlay-gradient":""}}},"product_brand":[],"product_cat":[48],"product_tag":[],"class_list":{"0":"post-2450","1":"product","2":"type-product","3":"status-publish","4":"has-post-thumbnail","6":"product_cat-murals","7":"desktop-align-left","8":"tablet-align-left","9":"mobile-align-left","11":"first","12":"instock","13":"shipping-taxable","14":"purchasable","15":"product-type-simple"},"yoast_head":"<!-- This site is optimized with the Yoast SEO plugin v26.0 - https:\/\/yoast.com\/wordpress\/plugins\/seo\/ -->\n<title>Neith, mural - Sylvie Potier Mosaic<\/title>\n<meta name=\"robots\" content=\"index, follow, max-snippet:-1, max-image-preview:large, max-video-preview:-1\" \/>\n<link rel=\"canonical\" href=\"https:\/\/sylviepotier.com\/en\/product\/neith-mural\/\" \/>\n<meta property=\"og:locale\" content=\"en_GB\" \/>\n<meta property=\"og:type\" content=\"article\" \/>\n<meta property=\"og:title\" content=\"Neith, mural - Sylvie Potier Mosaic\" \/>\n<meta property=\"og:description\" content=\"Daughter of Noun, primordial Ocean god, Neith, Egyptian goddess, at the origine of the Universe, Erudit demiurge, she is worshiped for her creation fo the world with 7 words or arrows. Recognized as a creative force of enormous power, architect of the Universe, she is weaving the world like a web.  Diameter of 0,71 m. Weight : 4 kg. Unique piece of art delivered with a certificate of authenticity.\" \/>\n<meta property=\"og:url\" content=\"https:\/\/sylviepotier.com\/en\/product\/neith-mural\/\" \/>\n<meta property=\"og:site_name\" content=\"Sylvie Potier Mosaic\" \/>\n<meta property=\"article:modified_time\" content=\"2021-05-03T15:48:09+00:00\" \/>\n<meta property=\"og:image\" content=\"https:\/\/sylviepotier.com\/wp-content\/uploads\/2021\/04\/neith-bijou-mural-sylvie-potier-mosaique-2-scaled.jpg\" \/>\n\t<meta property=\"og:image:width\" content=\"1829\" \/>\n\t<meta property=\"og:image:height\" content=\"2560\" \/>\n\t<meta property=\"og:image:type\" content=\"image\/jpeg\" \/>\n<meta name=\"twitter:card\" content=\"summary_large_image\" \/>\n<meta name=\"twitter:label1\" content=\"Estimated reading time\" \/>\n\t<meta name=\"twitter:data1\" content=\"1 minute\" \/>\n<script type=\"application\/ld+json\" class=\"yoast-schema-graph\">{\"@context\":\"https:\/\/schema.org\",\"@graph\":[{\"@type\":\"WebPage\",\"@id\":\"https:\/\/sylviepotier.com\/en\/product\/neith-mural\/\",\"url\":\"https:\/\/sylviepotier.com\/en\/product\/neith-mural\/\",\"name\":\"Neith, mural - Sylvie Potier Mosaic\",\"isPartOf\":{\"@id\":\"https:\/\/sylviepotier.com\/en\/#website\"},\"primaryImageOfPage\":{\"@id\":\"https:\/\/sylviepotier.com\/en\/product\/neith-mural\/#primaryimage\"},\"image\":{\"@id\":\"https:\/\/sylviepotier.com\/en\/product\/neith-mural\/#primaryimage\"},\"thumbnailUrl\":\"https:\/\/sylviepotier.com\/wp-content\/uploads\/2021\/04\/neith-bijou-mural-sylvie-potier-mosaique-2-scaled.jpg\",\"datePublished\":\"2021-03-26T16:47:22+00:00\",\"dateModified\":\"2021-05-03T15:48:09+00:00\",\"breadcrumb\":{\"@id\":\"https:\/\/sylviepotier.com\/en\/product\/neith-mural\/#breadcrumb\"},\"inLanguage\":\"en-GB\",\"potentialAction\":[{\"@type\":\"ReadAction\",\"target\":[\"https:\/\/sylviepotier.com\/en\/product\/neith-mural\/\"]}]},{\"@type\":\"ImageObject\",\"inLanguage\":\"en-GB\",\"@id\":\"https:\/\/sylviepotier.com\/en\/product\/neith-mural\/#primaryimage\",\"url\":\"https:\/\/sylviepotier.com\/wp-content\/uploads\/2021\/04\/neith-bijou-mural-sylvie-potier-mosaique-2-scaled.jpg\",\"contentUrl\":\"https:\/\/sylviepotier.com\/wp-content\/uploads\/2021\/04\/neith-bijou-mural-sylvie-potier-mosaique-2-scaled.jpg\",\"width\":1829,\"height\":2560},{\"@type\":\"BreadcrumbList\",\"@id\":\"https:\/\/sylviepotier.com\/en\/product\/neith-mural\/#breadcrumb\",\"itemListElement\":[{\"@type\":\"ListItem\",\"position\":1,\"name\":\"Accueil\",\"item\":\"https:\/\/sylviepotier.com\/en\/home\/\"},{\"@type\":\"ListItem\",\"position\":2,\"name\":\"Shop\",\"item\":\"https:\/\/sylviepotier.com\/en\/shop\/\"},{\"@type\":\"ListItem\",\"position\":3,\"name\":\"Neith, mural\"}]},{\"@type\":\"WebSite\",\"@id\":\"https:\/\/sylviepotier.com\/en\/#website\",\"url\":\"https:\/\/sylviepotier.com\/en\/\",\"name\":\"Sylvie Potier Mosaic\",\"description\":\"Ma\u00eetre Artisan Mosa\u00efste\",\"publisher\":{\"@id\":\"https:\/\/sylviepotier.com\/en\/#organization\"},\"potentialAction\":[{\"@type\":\"SearchAction\",\"target\":{\"@type\":\"EntryPoint\",\"urlTemplate\":\"https:\/\/sylviepotier.com\/en\/?s={search_term_string}\"},\"query-input\":{\"@type\":\"PropertyValueSpecification\",\"valueRequired\":true,\"valueName\":\"search_term_string\"}}],\"inLanguage\":\"en-GB\"},{\"@type\":\"Organization\",\"@id\":\"https:\/\/sylviepotier.com\/en\/#organization\",\"name\":\"Sylvie Potier Mosaic\",\"url\":\"https:\/\/sylviepotier.com\/en\/\",\"logo\":{\"@type\":\"ImageObject\",\"inLanguage\":\"en-GB\",\"@id\":\"https:\/\/sylviepotier.com\/en\/#\/schema\/logo\/image\/\",\"url\":\"https:\/\/sylviepotier.com\/wp-content\/uploads\/2021\/04\/logo-sylvie-potier-mosaique-artisan-mosaiste-280.png\",\"contentUrl\":\"https:\/\/sylviepotier.com\/wp-content\/uploads\/2021\/04\/logo-sylvie-potier-mosaique-artisan-mosaiste-280.png\",\"width\":280,\"height\":92,\"caption\":\"Sylvie Potier Mosaic\"},\"image\":{\"@id\":\"https:\/\/sylviepotier.com\/en\/#\/schema\/logo\/image\/\"}}]}<\/script>\n<!-- \/ Yoast SEO plugin. -->","yoast_head_json":{"title":"Neith, mural - Sylvie Potier Mosaic","robots":{"index":"index","follow":"follow","max-snippet":"max-snippet:-1","max-image-preview":"max-image-preview:large","max-video-preview":"max-video-preview:-1"},"canonical":"https:\/\/sylviepotier.com\/en\/product\/neith-mural\/","og_locale":"en_GB","og_type":"article","og_title":"Neith, mural - Sylvie Potier Mosaic","og_description":"Daughter of Noun, primordial Ocean god, Neith, Egyptian goddess, at the origine of the Universe, Erudit demiurge, she is worshiped for her creation fo the world with 7 words or arrows. Recognized as a creative force of enormous power, architect of the Universe, she is weaving the world like a web.  Diameter of 0,71 m. Weight : 4 kg. Unique piece of art delivered with a certificate of authenticity.","og_url":"https:\/\/sylviepotier.com\/en\/product\/neith-mural\/","og_site_name":"Sylvie Potier Mosaic","article_modified_time":"2021-05-03T15:48:09+00:00","og_image":[{"width":1829,"height":2560,"url":"https:\/\/sylviepotier.com\/wp-content\/uploads\/2021\/04\/neith-bijou-mural-sylvie-potier-mosaique-2-scaled.jpg","type":"image\/jpeg"}],"twitter_card":"summary_large_image","twitter_misc":{"Estimated reading time":"1 minute"},"schema":{"@context":"https:\/\/schema.org","@graph":[{"@type":"WebPage","@id":"https:\/\/sylviepotier.com\/en\/product\/neith-mural\/","url":"https:\/\/sylviepotier.com\/en\/product\/neith-mural\/","name":"Neith, mural - Sylvie Potier Mosaic","isPartOf":{"@id":"https:\/\/sylviepotier.com\/en\/#website"},"primaryImageOfPage":{"@id":"https:\/\/sylviepotier.com\/en\/product\/neith-mural\/#primaryimage"},"image":{"@id":"https:\/\/sylviepotier.com\/en\/product\/neith-mural\/#primaryimage"},"thumbnailUrl":"https:\/\/sylviepotier.com\/wp-content\/uploads\/2021\/04\/neith-bijou-mural-sylvie-potier-mosaique-2-scaled.jpg","datePublished":"2021-03-26T16:47:22+00:00","dateModified":"2021-05-03T15:48:09+00:00","breadcrumb":{"@id":"https:\/\/sylviepotier.com\/en\/product\/neith-mural\/#breadcrumb"},"inLanguage":"en-GB","potentialAction":[{"@type":"ReadAction","target":["https:\/\/sylviepotier.com\/en\/product\/neith-mural\/"]}]},{"@type":"ImageObject","inLanguage":"en-GB","@id":"https:\/\/sylviepotier.com\/en\/product\/neith-mural\/#primaryimage","url":"https:\/\/sylviepotier.com\/wp-content\/uploads\/2021\/04\/neith-bijou-mural-sylvie-potier-mosaique-2-scaled.jpg","contentUrl":"https:\/\/sylviepotier.com\/wp-content\/uploads\/2021\/04\/neith-bijou-mural-sylvie-potier-mosaique-2-scaled.jpg","width":1829,"height":2560},{"@type":"BreadcrumbList","@id":"https:\/\/sylviepotier.com\/en\/product\/neith-mural\/#breadcrumb","itemListElement":[{"@type":"ListItem","position":1,"name":"Accueil","item":"https:\/\/sylviepotier.com\/en\/home\/"},{"@type":"ListItem","position":2,"name":"Shop","item":"https:\/\/sylviepotier.com\/en\/shop\/"},{"@type":"ListItem","position":3,"name":"Neith, mural"}]},{"@type":"WebSite","@id":"https:\/\/sylviepotier.com\/en\/#website","url":"https:\/\/sylviepotier.com\/en\/","name":"Sylvie Potier Mosaic","description":"Ma\u00eetre Artisan Mosa\u00efste","publisher":{"@id":"https:\/\/sylviepotier.com\/en\/#organization"},"potentialAction":[{"@type":"SearchAction","target":{"@type":"EntryPoint","urlTemplate":"https:\/\/sylviepotier.com\/en\/?s={search_term_string}"},"query-input":{"@type":"PropertyValueSpecification","valueRequired":true,"valueName":"search_term_string"}}],"inLanguage":"en-GB"},{"@type":"Organization","@id":"https:\/\/sylviepotier.com\/en\/#organization","name":"Sylvie Potier Mosaic","url":"https:\/\/sylviepotier.com\/en\/","logo":{"@type":"ImageObject","inLanguage":"en-GB","@id":"https:\/\/sylviepotier.com\/en\/#\/schema\/logo\/image\/","url":"https:\/\/sylviepotier.com\/wp-content\/uploads\/2021\/04\/logo-sylvie-potier-mosaique-artisan-mosaiste-280.png","contentUrl":"https:\/\/sylviepotier.com\/wp-content\/uploads\/2021\/04\/logo-sylvie-potier-mosaique-artisan-mosaiste-280.png","width":280,"height":92,"caption":"Sylvie Potier Mosaic"},"image":{"@id":"https:\/\/sylviepotier.com\/en\/#\/schema\/logo\/image\/"}}]}},"_links":{"self":[{"href":"https:\/\/sylviepotier.com\/en\/wp-json\/wp\/v2\/product\/2450","targetHints":{"allow":["GET"]}}],"collection":[{"href":"https:\/\/sylviepotier.com\/en\/wp-json\/wp\/v2\/product"}],"about":[{"href":"https:\/\/sylviepotier.com\/en\/wp-json\/wp\/v2\/types\/product"}],"replies":[{"embeddable":true,"href":"https:\/\/sylviepotier.com\/en\/wp-json\/wp\/v2\/comments?post=2450"}],"version-history":[{"count":4,"href":"https:\/\/sylviepotier.com\/en\/wp-json\/wp\/v2\/product\/2450\/revisions"}],"predecessor-version":[{"id":2454,"href":"https:\/\/sylviepotier.com\/en\/wp-json\/wp\/v2\/product\/2450\/revisions\/2454"}],"wp:featuredmedia":[{"embeddable":true,"href":"https:\/\/sylviepotier.com\/en\/wp-json\/wp\/v2\/media\/1455"}],"wp:attachment":[{"href":"https:\/\/sylviepotier.com\/en\/wp-json\/wp\/v2\/media?parent=2450"}],"wp:term":[{"taxonomy":"product_brand","embeddable":true,"href":"https:\/\/sylviepotier.com\/en\/wp-json\/wp\/v2\/product_brand?post=2450"},{"taxonomy":"product_cat","embeddable":true,"href":"https:\/\/sylviepotier.com\/en\/wp-json\/wp\/v2\/product_cat?post=2450"},{"taxonomy":"product_tag","embeddable":true,"href":"https:\/\/sylviepotier.com\/en\/wp-json\/wp\/v2\/product_tag?post=2450"}],"curies":[{"name":"wp","href":"https:\/\/api.w.org\/{rel}","templated":true}]}}